{"id":1790,"date":"2024-08-10T11:56:21","date_gmt":"2024-08-10T11:56:21","guid":{"rendered":"https:\/\/menopausematter.org\/?page_id=1790"},"modified":"2024-08-10T13:07:59","modified_gmt":"2024-08-10T13:07:59","slug":"volunteer-and-director-application-forms","status":"publish","type":"page","link":"https:\/\/menopausematter.org\/fr\/volunteer-and-director-application-forms\/","title":{"rendered":"Formulaires de candidature pour les b\u00e9n\u00e9voles et les directeurs"},"content":{"rendered":"<figure class=\"wp-block-image size-full\"><img fetchpriority=\"high\" decoding=\"async\" width=\"451\" height=\"226\" src=\"https:\/\/menopausematter.org\/wp-content\/uploads\/2024\/08\/IMG_4931.jpg\" alt=\"\" class=\"wp-image-1793\" srcset=\"https:\/\/menopausematter.org\/wp-content\/uploads\/2024\/08\/IMG_4931.jpg 451w, https:\/\/menopausematter.org\/wp-content\/uploads\/2024\/08\/IMG_4931-300x150.jpg 300w\" sizes=\"(max-width: 451px) 100vw, 451px\" \/><\/figure>\n\n\n\n<p>Remplissez le formulaire de demande ci-dessous pour devenir b\u00e9n\u00e9vole \u00e0 Menopause Matter.<\/p>\n\n\n\n<p><a href=\"https:\/\/docs.google.com\/forms\/d\/e\/1FAIpQLSc8fRyYajsxNLF_vS6OWqHTjnzrzwAT9lg46hbBA-f6Afa1ZA\/viewform?usp=sf_link\">https:\/\/docs.google.com\/forms\/d\/e\/1FAIpQLSc8fRyYajsxNLF_vS6OWqHTjnzrzwAT9lg46hbBA-f6Afa1ZA\/viewform?usp=sf_link<\/a><\/p>\n\n\n\n<p><\/p>\n\n\n\n<p>Remplissez le formulaire de demande ci-dessous pour devenir membre du conseil d'administration de Menopause Matter.<\/p>\n\n\n\n<figure class=\"wp-block-image size-full is-resized\"><img decoding=\"async\" width=\"795\" height=\"553\" src=\"https:\/\/menopausematter.org\/wp-content\/uploads\/2024\/08\/Executive-Board-Defined-In-A-Business-Dictionary-Stock-Photo-Download-Image-Now-Governing-Board-Paper-Leadership-iStock.png\" alt=\"\" class=\"wp-image-1798\" style=\"width:987px;height:auto\" srcset=\"https:\/\/menopausematter.org\/wp-content\/uploads\/2024\/08\/Executive-Board-Defined-In-A-Business-Dictionary-Stock-Photo-Download-Image-Now-Governing-Board-Paper-Leadership-iStock.png 795w, https:\/\/menopausematter.org\/wp-content\/uploads\/2024\/08\/Executive-Board-Defined-In-A-Business-Dictionary-Stock-Photo-Download-Image-Now-Governing-Board-Paper-Leadership-iStock-300x209.png 300w, https:\/\/menopausematter.org\/wp-content\/uploads\/2024\/08\/Executive-Board-Defined-In-A-Business-Dictionary-Stock-Photo-Download-Image-Now-Governing-Board-Paper-Leadership-iStock-768x534.png 768w, https:\/\/menopausematter.org\/wp-content\/uploads\/2024\/08\/Executive-Board-Defined-In-A-Business-Dictionary-Stock-Photo-Download-Image-Now-Governing-Board-Paper-Leadership-iStock-600x417.png 600w\" sizes=\"(max-width: 795px) 100vw, 795px\" \/><\/figure>\n\n\n\n<p><a href=\"https:\/\/docs.google.com\/forms\/d\/e\/1FAIpQLSfty5JlY0eklDoqJbaCnfYpDhAfl09vyRo_NZm4e1m6OF03Tg\/viewform?usp=sf_link\">https:\/\/docs.google.com\/forms\/d\/e\/1FAIpQLSfty5JlY0eklDoqJbaCnfYpDhAfl09vyRo_NZm4e1m6OF03Tg\/viewform?usp=sf_link<\/a><\/p>","protected":false},"excerpt":{"rendered":"<p>Fill out the application form below to become a volunteer at Menopause Matter https:\/\/docs.google.com\/forms\/d\/e\/1FAIpQLSc8fRyYajsxNLF_vS6OWqHTjnzrzwAT9lg46hbBA-f6Afa1ZA\/viewform?usp=sf_link Fill out the application form below to become a Board Member at Menopause Matter https:\/\/docs.google.com\/forms\/d\/e\/1FAIpQLSfty5JlY0eklDoqJbaCnfYpDhAfl09vyRo_NZm4e1m6OF03Tg\/viewform?usp=sf_link<\/p>","protected":false},"author":2,"featured_media":0,"parent":0,"menu_order":0,"comment_status":"closed","ping_status":"closed","template":"","meta":{"give_campaign_id":0,"_coblocks_attr":"","_coblocks_dimensions":"","_coblocks_responsive_height":"","_coblocks_accordion_ie_support":"","site-sidebar-layout":"default","site-content-layout":"","ast-site-content-layout":"default","site-content-style":"default","site-sidebar-style":"default","ast-global-header-display":"","ast-banner-title-visibility":"","ast-main-header-display":"","ast-hfb-above-header-display":"","ast-hfb-below-header-display":"","ast-hfb-mobile-header-display":"","site-post-title":"","ast-breadcrumbs-content":"","ast-featured-img":"","footer-sml-layout":"","ast-disable-related-posts":"","theme-transparent-header-meta":"","adv-header-id-meta":"","stick-header-meta":"","header-above-stick-meta":"","header-main-stick-meta":"","header-below-stick-meta":"","astra-migrate-meta-layouts":"set","ast-page-background-enabled":"default","ast-page-background-meta":{"desktop":{"background-color":"","background-image":"","background-repeat":"repeat","background-position":"center center","background-size":"auto","background-attachment":"scroll","background-type":"","background-media":"","overlay-type":"","overlay-color":"","overlay-opacity":"","overlay-gradient":""},"tablet":{"background-color":"","background-image":"","background-repeat":"repeat","background-position":"center center","background-size":"auto","background-attachment":"scroll","background-type":"","background-media":"","overlay-type":"","overlay-color":"","overlay-opacity":"","overlay-gradient":""},"mobile":{"background-color":"","background-image":"","background-repeat":"repeat","background-position":"center center","background-size":"auto","background-attachment":"scroll","background-type":"","background-media":"","overlay-type":"","overlay-color":"","overlay-opacity":"","overlay-gradient":""}},"ast-content-background-meta":{"desktop":{"background-color":"var(--ast-global-color-5)","background-image":"","background-repeat":"repeat","background-position":"center center","background-size":"auto","background-attachment":"scroll","background-type":"","background-media":"","overlay-type":"","overlay-color":"","overlay-opacity":"","overlay-gradient":""},"tablet":{"background-color":"var(--ast-global-color-5)","background-image":"","background-repeat":"repeat","background-position":"center center","background-size":"auto","background-attachment":"scroll","background-type":"","background-media":"","overlay-type":"","overlay-color":"","overlay-opacity":"","overlay-gradient":""},"mobile":{"background-color":"var(--ast-global-color-5)","background-image":"","background-repeat":"repeat","background-position":"center center","background-size":"auto","background-attachment":"scroll","background-type":"","background-media":"","overlay-type":"","overlay-color":"","overlay-opacity":"","overlay-gradient":""}},"footnotes":""},"class_list":["post-1790","page","type-page","status-publish","hentry"],"yoast_head":"<!-- This site is optimized with the Yoast SEO plugin v27.4 - https:\/\/yoast.com\/product\/yoast-seo-wordpress\/ -->\n<title>Volunteer and Director Application Forms - Menopause Matter<\/title>\n<meta name=\"description\" content=\"Apply to volunteer with Menopause Matter and make a difference in the lives of women. Complete our online application form to join our community and contribute to our mission of supporting women through menopause with education, outreach and empowerment.\" \/>\n<meta name=\"robots\" content=\"index, follow, max-snippet:-1, max-image-preview:large, max-video-preview:-1\" \/>\n<link rel=\"canonical\" href=\"https:\/\/menopausematter.org\/fr\/volunteer-and-director-application-forms\/\" \/>\n<meta property=\"og:locale\" content=\"fr_CA\" \/>\n<meta property=\"og:type\" content=\"article\" \/>\n<meta property=\"og:title\" content=\"Volunteer and Director Application Forms - Menopause Matter\" \/>\n<meta property=\"og:description\" content=\"Apply to volunteer with Menopause Matter and make a difference in the lives of women. Complete our online application form to join our community and contribute to our mission of supporting women through menopause with education, outreach and empowerment.\" \/>\n<meta property=\"og:url\" content=\"https:\/\/menopausematter.org\/fr\/volunteer-and-director-application-forms\/\" \/>\n<meta property=\"og:site_name\" content=\"Menopause Matter\" \/>\n<meta property=\"article:modified_time\" content=\"2024-08-10T13:07:59+00:00\" \/>\n<meta property=\"og:image\" content=\"https:\/\/menopausematter.org\/wp-content\/uploads\/2024\/08\/IMG_4931.jpg\" \/>\n<meta name=\"twitter:card\" content=\"summary_large_image\" \/>\n<meta name=\"twitter:label1\" content=\"Estimation du temps de lecture\" \/>\n\t<meta name=\"twitter:data1\" content=\"1 minute\" \/>\n<script type=\"application\/ld+json\" class=\"yoast-schema-graph\">{\"@context\":\"https:\\\/\\\/schema.org\",\"@graph\":[{\"@type\":\"WebPage\",\"@id\":\"https:\\\/\\\/menopausematter.org\\\/volunteer-and-director-application-forms\\\/\",\"url\":\"https:\\\/\\\/menopausematter.org\\\/volunteer-and-director-application-forms\\\/\",\"name\":\"Volunteer and Director Application Forms - Menopause Matter\",\"isPartOf\":{\"@id\":\"http:\\\/\\\/y8w.155.myftpupload.com\\\/#website\"},\"primaryImageOfPage\":{\"@id\":\"https:\\\/\\\/menopausematter.org\\\/volunteer-and-director-application-forms\\\/#primaryimage\"},\"image\":{\"@id\":\"https:\\\/\\\/menopausematter.org\\\/volunteer-and-director-application-forms\\\/#primaryimage\"},\"thumbnailUrl\":\"https:\\\/\\\/menopausematter.org\\\/wp-content\\\/uploads\\\/2024\\\/08\\\/IMG_4931.jpg\",\"datePublished\":\"2024-08-10T11:56:21+00:00\",\"dateModified\":\"2024-08-10T13:07:59+00:00\",\"description\":\"Apply to volunteer with Menopause Matter and make a difference in the lives of women. Complete our online application form to join our community and contribute to our mission of supporting women through menopause with education, outreach and empowerment.\",\"breadcrumb\":{\"@id\":\"https:\\\/\\\/menopausematter.org\\\/volunteer-and-director-application-forms\\\/#breadcrumb\"},\"inLanguage\":\"fr-CA\",\"potentialAction\":[{\"@type\":\"ReadAction\",\"target\":[\"https:\\\/\\\/menopausematter.org\\\/volunteer-and-director-application-forms\\\/\"]}]},{\"@type\":\"ImageObject\",\"inLanguage\":\"fr-CA\",\"@id\":\"https:\\\/\\\/menopausematter.org\\\/volunteer-and-director-application-forms\\\/#primaryimage\",\"url\":\"https:\\\/\\\/menopausematter.org\\\/wp-content\\\/uploads\\\/2024\\\/08\\\/IMG_4931.jpg\",\"contentUrl\":\"https:\\\/\\\/menopausematter.org\\\/wp-content\\\/uploads\\\/2024\\\/08\\\/IMG_4931.jpg\"},{\"@type\":\"BreadcrumbList\",\"@id\":\"https:\\\/\\\/menopausematter.org\\\/volunteer-and-director-application-forms\\\/#breadcrumb\",\"itemListElement\":[{\"@type\":\"ListItem\",\"position\":1,\"name\":\"Home\",\"item\":\"https:\\\/\\\/menopausematter.org\\\/\"},{\"@type\":\"ListItem\",\"position\":2,\"name\":\"Volunteer and Director Application Forms\"}]},{\"@type\":\"WebSite\",\"@id\":\"http:\\\/\\\/y8w.155.myftpupload.com\\\/#website\",\"url\":\"http:\\\/\\\/y8w.155.myftpupload.com\\\/\",\"name\":\"Menopause Matter\",\"description\":\"Learn More\",\"publisher\":{\"@id\":\"http:\\\/\\\/y8w.155.myftpupload.com\\\/#organization\"},\"potentialAction\":[{\"@type\":\"SearchAction\",\"target\":{\"@type\":\"EntryPoint\",\"urlTemplate\":\"http:\\\/\\\/y8w.155.myftpupload.com\\\/?s={search_term_string}\"},\"query-input\":{\"@type\":\"PropertyValueSpecification\",\"valueRequired\":true,\"valueName\":\"search_term_string\"}}],\"inLanguage\":\"fr-CA\"},{\"@type\":\"Organization\",\"@id\":\"http:\\\/\\\/y8w.155.myftpupload.com\\\/#organization\",\"name\":\"Menopause Matter\",\"url\":\"http:\\\/\\\/y8w.155.myftpupload.com\\\/\",\"logo\":{\"@type\":\"ImageObject\",\"inLanguage\":\"fr-CA\",\"@id\":\"http:\\\/\\\/y8w.155.myftpupload.com\\\/#\\\/schema\\\/logo\\\/image\\\/\",\"url\":\"https:\\\/\\\/menopausematter.org\\\/wp-content\\\/uploads\\\/2026\\\/03\\\/cropped-cropped-cropped-2F5E1665-14A8-4D6A-B254-0933495F5AED.png\",\"contentUrl\":\"https:\\\/\\\/menopausematter.org\\\/wp-content\\\/uploads\\\/2026\\\/03\\\/cropped-cropped-cropped-2F5E1665-14A8-4D6A-B254-0933495F5AED.png\",\"width\":1529,\"height\":977,\"caption\":\"Menopause Matter\"},\"image\":{\"@id\":\"http:\\\/\\\/y8w.155.myftpupload.com\\\/#\\\/schema\\\/logo\\\/image\\\/\"}}]}<\/script>\n<!-- \/ Yoast SEO plugin. -->","yoast_head_json":{"title":"Volunteer and Director Application Forms - Menopause Matter","description":"Apply to volunteer with Menopause Matter and make a difference in the lives of women. Complete our online application form to join our community and contribute to our mission of supporting women through menopause with education, outreach and empowerment.","robots":{"index":"index","follow":"follow","max-snippet":"max-snippet:-1","max-image-preview":"max-image-preview:large","max-video-preview":"max-video-preview:-1"},"canonical":"https:\/\/menopausematter.org\/fr\/volunteer-and-director-application-forms\/","og_locale":"fr_CA","og_type":"article","og_title":"Volunteer and Director Application Forms - Menopause Matter","og_description":"Apply to volunteer with Menopause Matter and make a difference in the lives of women. Complete our online application form to join our community and contribute to our mission of supporting women through menopause with education, outreach and empowerment.","og_url":"https:\/\/menopausematter.org\/fr\/volunteer-and-director-application-forms\/","og_site_name":"Menopause Matter","article_modified_time":"2024-08-10T13:07:59+00:00","og_image":[{"url":"https:\/\/menopausematter.org\/wp-content\/uploads\/2024\/08\/IMG_4931.jpg","type":"","width":"","height":""}],"twitter_card":"summary_large_image","twitter_misc":{"Estimation du temps de lecture":"1 minute"},"schema":{"@context":"https:\/\/schema.org","@graph":[{"@type":"WebPage","@id":"https:\/\/menopausematter.org\/volunteer-and-director-application-forms\/","url":"https:\/\/menopausematter.org\/volunteer-and-director-application-forms\/","name":"Volunteer and Director Application Forms - Menopause Matter","isPartOf":{"@id":"http:\/\/y8w.155.myftpupload.com\/#website"},"primaryImageOfPage":{"@id":"https:\/\/menopausematter.org\/volunteer-and-director-application-forms\/#primaryimage"},"image":{"@id":"https:\/\/menopausematter.org\/volunteer-and-director-application-forms\/#primaryimage"},"thumbnailUrl":"https:\/\/menopausematter.org\/wp-content\/uploads\/2024\/08\/IMG_4931.jpg","datePublished":"2024-08-10T11:56:21+00:00","dateModified":"2024-08-10T13:07:59+00:00","description":"Apply to volunteer with Menopause Matter and make a difference in the lives of women. Complete our online application form to join our community and contribute to our mission of supporting women through menopause with education, outreach and empowerment.","breadcrumb":{"@id":"https:\/\/menopausematter.org\/volunteer-and-director-application-forms\/#breadcrumb"},"inLanguage":"fr-CA","potentialAction":[{"@type":"ReadAction","target":["https:\/\/menopausematter.org\/volunteer-and-director-application-forms\/"]}]},{"@type":"ImageObject","inLanguage":"fr-CA","@id":"https:\/\/menopausematter.org\/volunteer-and-director-application-forms\/#primaryimage","url":"https:\/\/menopausematter.org\/wp-content\/uploads\/2024\/08\/IMG_4931.jpg","contentUrl":"https:\/\/menopausematter.org\/wp-content\/uploads\/2024\/08\/IMG_4931.jpg"},{"@type":"BreadcrumbList","@id":"https:\/\/menopausematter.org\/volunteer-and-director-application-forms\/#breadcrumb","itemListElement":[{"@type":"ListItem","position":1,"name":"Home","item":"https:\/\/menopausematter.org\/"},{"@type":"ListItem","position":2,"name":"Volunteer and Director Application Forms"}]},{"@type":"WebSite","@id":"http:\/\/y8w.155.myftpupload.com\/#website","url":"http:\/\/y8w.155.myftpupload.com\/","name":"La m\u00e9nopause, c'est important","description":"Learn More","publisher":{"@id":"http:\/\/y8w.155.myftpupload.com\/#organization"},"potentialAction":[{"@type":"SearchAction","target":{"@type":"EntryPoint","urlTemplate":"http:\/\/y8w.155.myftpupload.com\/?s={search_term_string}"},"query-input":{"@type":"PropertyValueSpecification","valueRequired":true,"valueName":"search_term_string"}}],"inLanguage":"fr-CA"},{"@type":"Organization","@id":"http:\/\/y8w.155.myftpupload.com\/#organization","name":"La m\u00e9nopause, c'est important","url":"http:\/\/y8w.155.myftpupload.com\/","logo":{"@type":"ImageObject","inLanguage":"fr-CA","@id":"http:\/\/y8w.155.myftpupload.com\/#\/schema\/logo\/image\/","url":"https:\/\/menopausematter.org\/wp-content\/uploads\/2026\/03\/cropped-cropped-cropped-2F5E1665-14A8-4D6A-B254-0933495F5AED.png","contentUrl":"https:\/\/menopausematter.org\/wp-content\/uploads\/2026\/03\/cropped-cropped-cropped-2F5E1665-14A8-4D6A-B254-0933495F5AED.png","width":1529,"height":977,"caption":"Menopause Matter"},"image":{"@id":"http:\/\/y8w.155.myftpupload.com\/#\/schema\/logo\/image\/"}}]}},"campaignId":"","_links":{"self":[{"href":"https:\/\/menopausematter.org\/fr\/wp-json\/wp\/v2\/pages\/1790","targetHints":{"allow":["GET"]}}],"collection":[{"href":"https:\/\/menopausematter.org\/fr\/wp-json\/wp\/v2\/pages"}],"about":[{"href":"https:\/\/menopausematter.org\/fr\/wp-json\/wp\/v2\/types\/page"}],"author":[{"embeddable":true,"href":"https:\/\/menopausematter.org\/fr\/wp-json\/wp\/v2\/users\/2"}],"replies":[{"embeddable":true,"href":"https:\/\/menopausematter.org\/fr\/wp-json\/wp\/v2\/comments?post=1790"}],"version-history":[{"count":4,"href":"https:\/\/menopausematter.org\/fr\/wp-json\/wp\/v2\/pages\/1790\/revisions"}],"predecessor-version":[{"id":1801,"href":"https:\/\/menopausematter.org\/fr\/wp-json\/wp\/v2\/pages\/1790\/revisions\/1801"}],"wp:attachment":[{"href":"https:\/\/menopausematter.org\/fr\/wp-json\/wp\/v2\/media?parent=1790"}],"curies":[{"name":"wp","href":"https:\/\/api.w.org\/{rel}","templated":true}]}}