{"id":2724,"date":"2025-09-22T02:18:20","date_gmt":"2025-09-22T02:18:20","guid":{"rendered":"https:\/\/menopausematter.org\/?page_id=2724"},"modified":"2025-09-22T02:27:34","modified_gmt":"2025-09-22T02:27:34","slug":"menopause-matter-gpt","status":"publish","type":"page","link":"https:\/\/menopausematter.org\/fr\/menopause-matter-gpt\/","title":{"rendered":"La m\u00e9nopause, c'est important GPT"},"content":{"rendered":"<p>Votre compagnon 24h\/24 et 7j\/7 pour le soutien, l'\u00e9ducation et le bien-\u00eatre pendant la m\u00e9nopause.<\/p>\n<p>Le GPT Menopause Matter est un outil interactif gratuit con\u00e7u pour aider les femmes de plus de 40 ans \u00e0 traverser chaque \u00e9tape de la m\u00e9nopause avec clart\u00e9 et confiance. Que vous recherchiez des informations sur les sympt\u00f4mes, des conseils de style de vie ou le bien-\u00eatre mental, cette ressource aliment\u00e9e par l'IA fournit des conseils fond\u00e9s sur des preuves de mani\u00e8re compatissante et accessible.<\/p>\n<p>Ce que vous pouvez en faire :<\/p>\n<p>.Posez des questions sur les sympt\u00f4mes de la m\u00e9nopause et les options de soulagement<\/p>\n<p>.Explorer les strat\u00e9gies pour le sommeil, l'humeur et l'\u00e9nergie<\/p>\n<p>. s'informer sur la nutrition et la forme physique au milieu de la vie<\/p>\n<p>.Acc\u00e9der au soutien en sant\u00e9 mentale et bien-\u00eatre<\/p>\n<p>.Trouver des ressources adapt\u00e9es aux femmes<\/p>\n<p>&nbsp;<\/p>\n<p>*IMPORTANT : Menopause Matter GPT est l\u00e0 pour informer et soutenir. Il ne s'agit pas d'un avis m\u00e9dical et ne doit pas remplacer une consultation avec votre professionnel de la sant\u00e9.<\/p>\n<p>&nbsp;<\/p>\n<p>Regardez cette courte d\u00e9monstration pour d\u00e9couvrir comment nous trouver dans le GPT Store.<\/p>\n<p>&nbsp;<\/p>\n<div style=\"width: 1280px;\" class=\"wp-video\"><video class=\"wp-video-shortcode\" id=\"video-2724-1\" width=\"1280\" height=\"720\" preload=\"metadata\" controls=\"controls\"><source type=\"video\/mp4\" src=\"https:\/\/menopausematter.org\/wp-content\/uploads\/2025\/09\/My-Movie.mp4?_=1\" \/><a href=\"https:\/\/menopausematter.org\/wp-content\/uploads\/2025\/09\/My-Movie.mp4\">https:\/\/menopausematter.org\/wp-content\/uploads\/2025\/09\/My-Movie.mp4<\/a><\/video><\/div>\n<p>&nbsp;<\/p>\n<p><a href=\"https:\/\/chatgpt.com\/g\/g-68cd6ee48e4c8191a8189857a8b2371b-menopause-matter-gpt\" target=\"_blank\" rel=\"noopener\">D\u00e9marrer une discussion avec Menopause Matter GPT<\/a><\/p>\n<p>&nbsp;<\/p>","protected":false},"excerpt":{"rendered":"<p>Your 24\/7 companion for menopause support, education and wellness. The Menopause Matter GPT is a free, interactive tool designed to help women aged 40+ navigate every stage of menopause with clarity and confidence. \u00a0Whether you&#8217;re seeking information on symptoms, lifestyle tips, or mental wellbeing, this AI-powered resource provides evidence-based guidance in a compassionate, accessible way. [&hellip;]<\/p>\n","protected":false},"author":2,"featured_media":0,"parent":0,"menu_order":0,"comment_status":"closed","ping_status":"closed","template":"","meta":{"give_campaign_id":0,"_coblocks_attr":"","_coblocks_dimensions":"","_coblocks_responsive_height":"","_coblocks_accordion_ie_support":"","site-sidebar-layout":"default","site-content-layout":"","ast-site-content-layout":"default","site-content-style":"default","site-sidebar-style":"default","ast-global-header-display":"","ast-banner-title-visibility":"","ast-main-header-display":"","ast-hfb-above-header-display":"","ast-hfb-below-header-display":"","ast-hfb-mobile-header-display":"","site-post-title":"","ast-breadcrumbs-content":"","ast-featured-img":"","footer-sml-layout":"","ast-disable-related-posts":"","theme-transparent-header-meta":"default","adv-header-id-meta":"","stick-header-meta":"","header-above-stick-meta":"","header-main-stick-meta":"","header-below-stick-meta":"","astra-migrate-meta-layouts":"set","ast-page-background-enabled":"default","ast-page-background-meta":{"desktop":{"background-color":"","background-image":"","background-repeat":"repeat","background-position":"center center","background-size":"auto","background-attachment":"scroll","background-type":"","background-media":"","overlay-type":"","overlay-color":"","overlay-opacity":"","overlay-gradient":""},"tablet":{"background-color":"","background-image":"","background-repeat":"repeat","background-position":"center center","background-size":"auto","background-attachment":"scroll","background-type":"","background-media":"","overlay-type":"","overlay-color":"","overlay-opacity":"","overlay-gradient":""},"mobile":{"background-color":"","background-image":"","background-repeat":"repeat","background-position":"center center","background-size":"auto","background-attachment":"scroll","background-type":"","background-media":"","overlay-type":"","overlay-color":"","overlay-opacity":"","overlay-gradient":""}},"ast-content-background-meta":{"desktop":{"background-color":"var(--ast-global-color-5)","background-image":"","background-repeat":"repeat","background-position":"center center","background-size":"auto","background-attachment":"scroll","background-type":"","background-media":"","overlay-type":"","overlay-color":"","overlay-opacity":"","overlay-gradient":""},"tablet":{"background-color":"var(--ast-global-color-5)","background-image":"","background-repeat":"repeat","background-position":"center center","background-size":"auto","background-attachment":"scroll","background-type":"","background-media":"","overlay-type":"","overlay-color":"","overlay-opacity":"","overlay-gradient":""},"mobile":{"background-color":"var(--ast-global-color-5)","background-image":"","background-repeat":"repeat","background-position":"center center","background-size":"auto","background-attachment":"scroll","background-type":"","background-media":"","overlay-type":"","overlay-color":"","overlay-opacity":"","overlay-gradient":""}},"footnotes":""},"class_list":["post-2724","page","type-page","status-publish","hentry"],"yoast_head":"<!-- This site is optimized with the Yoast SEO plugin v27.4 - https:\/\/yoast.com\/product\/yoast-seo-wordpress\/ -->\n<title>Menopause Matter GPT - Menopause Matter<\/title>\n<meta name=\"robots\" content=\"index, follow, max-snippet:-1, max-image-preview:large, max-video-preview:-1\" \/>\n<link rel=\"canonical\" href=\"https:\/\/menopausematter.org\/fr\/menopause-matter-gpt\/\" \/>\n<meta property=\"og:locale\" content=\"fr_CA\" \/>\n<meta property=\"og:type\" content=\"article\" \/>\n<meta property=\"og:title\" content=\"Menopause Matter GPT - Menopause Matter\" \/>\n<meta property=\"og:description\" content=\"Your 24\/7 companion for menopause support, education and wellness. The Menopause Matter GPT is a free, interactive tool designed to help women aged 40+ navigate every stage of menopause with clarity and confidence. \u00a0Whether you&#8217;re seeking information on symptoms, lifestyle tips, or mental wellbeing, this AI-powered resource provides evidence-based guidance in a compassionate, accessible way. [&hellip;]\" \/>\n<meta property=\"og:url\" content=\"https:\/\/menopausematter.org\/fr\/menopause-matter-gpt\/\" \/>\n<meta property=\"og:site_name\" content=\"Menopause Matter\" \/>\n<meta property=\"article:modified_time\" content=\"2025-09-22T02:27:34+00:00\" \/>\n<meta name=\"twitter:card\" content=\"summary_large_image\" \/>\n<meta name=\"twitter:label1\" content=\"Estimation du temps de lecture\" \/>\n\t<meta name=\"twitter:data1\" content=\"1 minute\" \/>\n<script type=\"application\/ld+json\" class=\"yoast-schema-graph\">{\"@context\":\"https:\\\/\\\/schema.org\",\"@graph\":[{\"@type\":\"WebPage\",\"@id\":\"https:\\\/\\\/menopausematter.org\\\/menopause-matter-gpt\\\/\",\"url\":\"https:\\\/\\\/menopausematter.org\\\/menopause-matter-gpt\\\/\",\"name\":\"Menopause Matter GPT - Menopause Matter\",\"isPartOf\":{\"@id\":\"http:\\\/\\\/y8w.155.myftpupload.com\\\/#website\"},\"datePublished\":\"2025-09-22T02:18:20+00:00\",\"dateModified\":\"2025-09-22T02:27:34+00:00\",\"breadcrumb\":{\"@id\":\"https:\\\/\\\/menopausematter.org\\\/menopause-matter-gpt\\\/#breadcrumb\"},\"inLanguage\":\"fr-CA\",\"potentialAction\":[{\"@type\":\"ReadAction\",\"target\":[\"https:\\\/\\\/menopausematter.org\\\/menopause-matter-gpt\\\/\"]}]},{\"@type\":\"BreadcrumbList\",\"@id\":\"https:\\\/\\\/menopausematter.org\\\/menopause-matter-gpt\\\/#breadcrumb\",\"itemListElement\":[{\"@type\":\"ListItem\",\"position\":1,\"name\":\"Home\",\"item\":\"https:\\\/\\\/menopausematter.org\\\/\"},{\"@type\":\"ListItem\",\"position\":2,\"name\":\"Menopause Matter GPT\"}]},{\"@type\":\"WebSite\",\"@id\":\"http:\\\/\\\/y8w.155.myftpupload.com\\\/#website\",\"url\":\"http:\\\/\\\/y8w.155.myftpupload.com\\\/\",\"name\":\"Menopause Matter\",\"description\":\"Learn More\",\"publisher\":{\"@id\":\"http:\\\/\\\/y8w.155.myftpupload.com\\\/#organization\"},\"potentialAction\":[{\"@type\":\"SearchAction\",\"target\":{\"@type\":\"EntryPoint\",\"urlTemplate\":\"http:\\\/\\\/y8w.155.myftpupload.com\\\/?s={search_term_string}\"},\"query-input\":{\"@type\":\"PropertyValueSpecification\",\"valueRequired\":true,\"valueName\":\"search_term_string\"}}],\"inLanguage\":\"fr-CA\"},{\"@type\":\"Organization\",\"@id\":\"http:\\\/\\\/y8w.155.myftpupload.com\\\/#organization\",\"name\":\"Menopause Matter\",\"url\":\"http:\\\/\\\/y8w.155.myftpupload.com\\\/\",\"logo\":{\"@type\":\"ImageObject\",\"inLanguage\":\"fr-CA\",\"@id\":\"http:\\\/\\\/y8w.155.myftpupload.com\\\/#\\\/schema\\\/logo\\\/image\\\/\",\"url\":\"https:\\\/\\\/menopausematter.org\\\/wp-content\\\/uploads\\\/2026\\\/03\\\/cropped-cropped-cropped-2F5E1665-14A8-4D6A-B254-0933495F5AED.png\",\"contentUrl\":\"https:\\\/\\\/menopausematter.org\\\/wp-content\\\/uploads\\\/2026\\\/03\\\/cropped-cropped-cropped-2F5E1665-14A8-4D6A-B254-0933495F5AED.png\",\"width\":1529,\"height\":977,\"caption\":\"Menopause Matter\"},\"image\":{\"@id\":\"http:\\\/\\\/y8w.155.myftpupload.com\\\/#\\\/schema\\\/logo\\\/image\\\/\"}}]}<\/script>\n<!-- \/ Yoast SEO plugin. -->","yoast_head_json":{"title":"Menopause Matter GPT - Menopause Matter","robots":{"index":"index","follow":"follow","max-snippet":"max-snippet:-1","max-image-preview":"max-image-preview:large","max-video-preview":"max-video-preview:-1"},"canonical":"https:\/\/menopausematter.org\/fr\/menopause-matter-gpt\/","og_locale":"fr_CA","og_type":"article","og_title":"Menopause Matter GPT - Menopause Matter","og_description":"Your 24\/7 companion for menopause support, education and wellness. The Menopause Matter GPT is a free, interactive tool designed to help women aged 40+ navigate every stage of menopause with clarity and confidence. \u00a0Whether you&#8217;re seeking information on symptoms, lifestyle tips, or mental wellbeing, this AI-powered resource provides evidence-based guidance in a compassionate, accessible way. [&hellip;]","og_url":"https:\/\/menopausematter.org\/fr\/menopause-matter-gpt\/","og_site_name":"Menopause Matter","article_modified_time":"2025-09-22T02:27:34+00:00","twitter_card":"summary_large_image","twitter_misc":{"Estimation du temps de lecture":"1 minute"},"schema":{"@context":"https:\/\/schema.org","@graph":[{"@type":"WebPage","@id":"https:\/\/menopausematter.org\/menopause-matter-gpt\/","url":"https:\/\/menopausematter.org\/menopause-matter-gpt\/","name":"Menopause Matter GPT - Menopause Matter","isPartOf":{"@id":"http:\/\/y8w.155.myftpupload.com\/#website"},"datePublished":"2025-09-22T02:18:20+00:00","dateModified":"2025-09-22T02:27:34+00:00","breadcrumb":{"@id":"https:\/\/menopausematter.org\/menopause-matter-gpt\/#breadcrumb"},"inLanguage":"fr-CA","potentialAction":[{"@type":"ReadAction","target":["https:\/\/menopausematter.org\/menopause-matter-gpt\/"]}]},{"@type":"BreadcrumbList","@id":"https:\/\/menopausematter.org\/menopause-matter-gpt\/#breadcrumb","itemListElement":[{"@type":"ListItem","position":1,"name":"Home","item":"https:\/\/menopausematter.org\/"},{"@type":"ListItem","position":2,"name":"Menopause Matter GPT"}]},{"@type":"WebSite","@id":"http:\/\/y8w.155.myftpupload.com\/#website","url":"http:\/\/y8w.155.myftpupload.com\/","name":"La m\u00e9nopause, c'est important","description":"Learn More","publisher":{"@id":"http:\/\/y8w.155.myftpupload.com\/#organization"},"potentialAction":[{"@type":"SearchAction","target":{"@type":"EntryPoint","urlTemplate":"http:\/\/y8w.155.myftpupload.com\/?s={search_term_string}"},"query-input":{"@type":"PropertyValueSpecification","valueRequired":true,"valueName":"search_term_string"}}],"inLanguage":"fr-CA"},{"@type":"Organization","@id":"http:\/\/y8w.155.myftpupload.com\/#organization","name":"La m\u00e9nopause, c'est important","url":"http:\/\/y8w.155.myftpupload.com\/","logo":{"@type":"ImageObject","inLanguage":"fr-CA","@id":"http:\/\/y8w.155.myftpupload.com\/#\/schema\/logo\/image\/","url":"https:\/\/menopausematter.org\/wp-content\/uploads\/2026\/03\/cropped-cropped-cropped-2F5E1665-14A8-4D6A-B254-0933495F5AED.png","contentUrl":"https:\/\/menopausematter.org\/wp-content\/uploads\/2026\/03\/cropped-cropped-cropped-2F5E1665-14A8-4D6A-B254-0933495F5AED.png","width":1529,"height":977,"caption":"Menopause Matter"},"image":{"@id":"http:\/\/y8w.155.myftpupload.com\/#\/schema\/logo\/image\/"}}]}},"campaignId":"","_links":{"self":[{"href":"https:\/\/menopausematter.org\/fr\/wp-json\/wp\/v2\/pages\/2724","targetHints":{"allow":["GET"]}}],"collection":[{"href":"https:\/\/menopausematter.org\/fr\/wp-json\/wp\/v2\/pages"}],"about":[{"href":"https:\/\/menopausematter.org\/fr\/wp-json\/wp\/v2\/types\/page"}],"author":[{"embeddable":true,"href":"https:\/\/menopausematter.org\/fr\/wp-json\/wp\/v2\/users\/2"}],"replies":[{"embeddable":true,"href":"https:\/\/menopausematter.org\/fr\/wp-json\/wp\/v2\/comments?post=2724"}],"version-history":[{"count":3,"href":"https:\/\/menopausematter.org\/fr\/wp-json\/wp\/v2\/pages\/2724\/revisions"}],"predecessor-version":[{"id":2734,"href":"https:\/\/menopausematter.org\/fr\/wp-json\/wp\/v2\/pages\/2724\/revisions\/2734"}],"wp:attachment":[{"href":"https:\/\/menopausematter.org\/fr\/wp-json\/wp\/v2\/media?parent=2724"}],"curies":[{"name":"wp","href":"https:\/\/api.w.org\/{rel}","templated":true}]}}